{"id":4350,"date":"2019-09-18T11:33:01","date_gmt":"2019-09-18T09:33:01","guid":{"rendered":"https:\/\/www.zenfitness.dk\/?page_id=4350"},"modified":"2024-09-29T20:25:36","modified_gmt":"2024-09-29T18:25:36","slug":"medlemsbetingelser","status":"publish","type":"page","link":"https:\/\/www.zenfitness.dk\/?page_id=4350","title":{"rendered":"Medlemsbetingelser"},"content":{"rendered":"\t\t<div data-elementor-type=\"wp-page\" data-elementor-id=\"4350\" class=\"elementor elementor-4350\">\n\t\t\t\t\t\t<section class=\"elementor-section elementor-top-section elementor-element elementor-element-b98da1d elementor-section-boxed elementor-section-height-default elementor-section-height-default\" data-id=\"b98da1d\" data-element_type=\"section\" data-e-type=\"section\">\n\t\t\t\t\t\t<div class=\"elementor-container elementor-column-gap-default\">\n\t\t\t\t\t<div class=\"elementor-column elementor-col-100 elementor-top-column elementor-element elementor-element-183ab00\" data-id=\"183ab00\" data-element_type=\"column\" data-e-type=\"column\">\n\t\t\t<div class=\"elementor-widget-wrap elementor-element-populated\">\n\t\t\t\t\t\t\t<\/div>\n\t\t<\/div>\n\t\t\t\t\t<\/div>\n\t\t<\/section>\n\t\t\t\t<section class=\"elementor-section elementor-top-section elementor-element elementor-element-08d4e32 elementor-section-boxed elementor-section-height-default elementor-section-height-default\" data-id=\"08d4e32\" data-element_type=\"section\" data-e-type=\"section\">\n\t\t\t\t\t\t<div class=\"elementor-container elementor-column-gap-default\">\n\t\t\t\t\t<div class=\"elementor-column elementor-col-100 elementor-top-column elementor-element elementor-element-352b689\" data-id=\"352b689\" data-element_type=\"column\" data-e-type=\"column\">\n\t\t\t<div class=\"elementor-widget-wrap elementor-element-populated\">\n\t\t\t\t\t\t<div class=\"elementor-element elementor-element-9831f74 elementor-widget elementor-widget-heading\" data-id=\"9831f74\" data-element_type=\"widget\" data-e-type=\"widget\" data-widget_type=\"heading.default\">\n\t\t\t\t<div class=\"elementor-widget-container\">\n\t\t\t\t\t<h2 class=\"elementor-heading-title elementor-size-default\">Medlemsbetingelser og husregler<\/h2>\t\t\t\t<\/div>\n\t\t\t\t<\/div>\n\t\t\t\t\t<\/div>\n\t\t<\/div>\n\t\t\t\t\t<\/div>\n\t\t<\/section>\n\t\t\t\t<section class=\"elementor-section elementor-top-section elementor-element elementor-element-e33b55d elementor-section-boxed elementor-section-height-default elementor-section-height-default\" data-id=\"e33b55d\" data-element_type=\"section\" data-e-type=\"section\">\n\t\t\t\t\t\t<div class=\"elementor-container elementor-column-gap-default\">\n\t\t\t\t\t<div class=\"elementor-column elementor-col-100 elementor-top-column elementor-element elementor-element-96eec40\" data-id=\"96eec40\" data-element_type=\"column\" data-e-type=\"column\">\n\t\t\t<div class=\"elementor-widget-wrap\">\n\t\t\t\t\t\t\t<\/div>\n\t\t<\/div>\n\t\t\t\t\t<\/div>\n\t\t<\/section>\n\t\t\t\t<section class=\"elementor-section elementor-top-section elementor-element elementor-element-e3e3792 elementor-section-boxed elementor-section-height-default elementor-section-height-default\" data-id=\"e3e3792\" data-element_type=\"section\" data-e-type=\"section\">\n\t\t\t\t\t\t<div class=\"elementor-container elementor-column-gap-default\">\n\t\t\t\t\t<div class=\"elementor-column elementor-col-100 elementor-top-column elementor-element elementor-element-5523d8a\" data-id=\"5523d8a\" data-element_type=\"column\" data-e-type=\"column\">\n\t\t\t<div class=\"elementor-widget-wrap elementor-element-populated\">\n\t\t\t\t\t\t<div class=\"elementor-element elementor-element-005a9b6 elementor-widget elementor-widget-text-editor\" data-id=\"005a9b6\" data-element_type=\"widget\" data-e-type=\"widget\" data-widget_type=\"text-editor.default\">\n\t\t\t\t<div class=\"elementor-widget-container\">\n\t\t\t\t\t\t\t\t\t<p><strong>1. Medlemskab\u00a0<\/strong><\/p><p><span style=\"font-size: inherit; font-family: 'Times New Roman', serif;\">PBS\/NETS tr\u00e6kning foretages hver m\u00e5ned. Ved opsigelse af dit medlemskab har du et varsel p\u00e5 l\u00f8bende m\u00e5ned plus \u00e9n m\u00e5ned. Aldersgr\u00e6nsen for at tr\u00e6ne i Zen Fitness Silkeborg er min. 16 \u00e5r. Unge mellem 16\u201317 \u00e5r skal ved indmeldelsen medbringe en for\u00e6ldre eller v\u00e6rge, og begge parter skal medbringe ID.<\/span><em><span style=\"font-size: 11.0pt; line-height: 107%; mso-fareast-font-family: Calibri; mso-fareast-theme-font: minor-latin; border: none windowtext 1.0pt; mso-border-alt: none windowtext 0cm; padding: 0cm; mso-ansi-language: DA; mso-fareast-language: EN-US; mso-bidi-language: AR-SA; font-style: normal; mso-bidi-font-style: italic;\"><br \/><\/span><\/em><\/p><p><strong><span style=\"font-size: 11pt; line-height: 107%; border: 1pt none windowtext; padding: 0cm;\">2. Opsigelse<\/span><\/strong><\/p><p><em><span style=\"font-size: 11.0pt; line-height: 107%; mso-fareast-font-family: Calibri; mso-fareast-theme-font: minor-latin; border: none windowtext 1.0pt; mso-border-alt: none windowtext 0cm; padding: 0cm; mso-ansi-language: DA; mso-fareast-language: EN-US; mso-bidi-language: AR-SA; font-style: normal; mso-bidi-font-style: italic;\">Som medlem af Zen Fitness Silkeborg er man bundet af kontrakten i forhold til den valgte medlemsperiode.<\/span><\/em><i><span style=\"font-size: 10.5pt; line-height: 107%; font-family: 'Times New Roman',serif; mso-fareast-font-family: Calibri; mso-fareast-theme-font: minor-latin; mso-ansi-language: DA; mso-fareast-language: EN-US; mso-bidi-language: AR-SA;\"><br \/><\/span><\/i><em><span style=\"font-size: 11.0pt; line-height: 107%; mso-fareast-font-family: Calibri; mso-fareast-theme-font: minor-latin; border: none windowtext 1.0pt; mso-border-alt: none windowtext 0cm; padding: 0cm; mso-ansi-language: DA; mso-fareast-language: EN-US; mso-bidi-language: AR-SA; font-style: normal; mso-bidi-font-style: italic;\">Opsigelse er l\u00f8bende m\u00e5ned plus 1 m\u00e5ned.<\/span><\/em><i><span style=\"font-size: 10.5pt; line-height: 107%; font-family: 'Times New Roman',serif; mso-fareast-font-family: Calibri; mso-fareast-theme-font: minor-latin; mso-ansi-language: DA; mso-fareast-language: EN-US; mso-bidi-language: AR-SA;\"><br \/><\/span><\/i><em><span style=\"font-size: 11.0pt; line-height: 107%; mso-fareast-font-family: Calibri; mso-fareast-theme-font: minor-latin; border: none windowtext 1.0pt; mso-border-alt: none windowtext 0cm; padding: 0cm; mso-ansi-language: DA; mso-fareast-language: EN-US; mso-bidi-language: AR-SA; font-style: normal; mso-bidi-font-style: italic;\">Vil du opsige dit medlemskab skal du sende en mail til z<\/span><\/em>enfitnesssilkeborg@gmail.com.<\/p><p><strong>3. \u00c6ndringer<\/strong><br \/>Zen Fitness Silkeborg forbeholder sig ret til pris\u00e6ndringer samt \u00e6ndringer i \u00e5bningstiderne, med en m\u00e5neds varsel.<\/p><p><strong>4. Tr\u00e6ning<\/strong><br \/>Tr\u00e6ning i centret er p\u00e5 eget ansvar. Og du skal altid rette dig efter personalets henvisninger.<br \/>Zen Fitness Silkeborg ser ikke at maskinerne bliver brugt imens man snakker i telefon\/tekst beskeder. Sker dette henholder vi til at maskinen overlades til en anden.<\/p><p>Al tr\u00e6ning sker p\u00e5 eget ansvar. Som medlem af Zen Fitness Silkeborg er man selv ansvarlig for at v\u00e6re i en helbredstilstand, der tillader deltagelse. Zen Fitness Silkeborg tager ikke ansvar for personskader som f\u00f8lge af ulykke i centeret. I \u00f8vrigt f\u00f8lges dansk erstatningsret p\u00e5 omr\u00e5det.<\/p><p><strong>5. Helbred<\/strong><br \/>Som medlem i Zen Fitness Silkeborg er medlemmet selv ansvarlig for at deres helbredsm\u00e6ssige situation er i en s\u00e5dan stand at de kan bruge centrets faciliteter.<\/p><p><strong>6. B\u00f8rn i centeret<\/strong><br \/>B\u00f8rn er meget velkomne i centeret, men skal ikke v\u00e6re til gene for andre medlemmer under bes\u00f8get. Det er p\u00e5 eget ansvar at medbringe b\u00f8rn i Zen Fitness Silkeborg.<\/p><p><strong>7. Bortvisning\/afbrydelse af medlemskab<\/strong><br \/>Zen Fitness Silkeborg kan afbryde et medlemskab uden grund, hvis reglerne ikke overholdes fx; udl\u00e5n af chip\/adgangskoder til andre. <br \/>Ved manglende oprydning efter egen tr\u00e6ning kan Zen Fitness Silkeborg taksere dette til en b\u00f8de lydende p\u00e5 200,- f\u00f8rste gang. Anden gang med manglende oprydning forbeholder Zen Fitness Silkeborg sig ret til at afbryde medlemskabet med omg\u00e5ende virkning. Betaling for indev\u00e6rende periode refunderes ikke.<\/p><p>Hvis der laves skade p\u00e5 m\u00f8bler, planter og andre genstande i Zen Fitness Silkeborg, vil medlemmet blive holdt til ansvar for skaden og blive p\u00e5lagt b\u00f8de tilsvarende til skaden og bortvist p\u00e5 livstid.<\/p><p><strong>8. Instrukt\u00f8r<\/strong><\/p><p>Instrukt\u00f8ren er behj\u00e6lpelig med sp\u00f8rgsm\u00e5l og instruktion i udf\u00f8relse af \u00f8velser, samt korrekt brug af maskiner i bemandingstiden, hvis behov for instruktion af maskiner udenfor normal bemandingstid, skal medlemmet bedes tage kontakt via E-mail eller p\u00e5 social media platform, s\u00e5som Facebook eller Instagram.<\/p><p><strong>9. Ordensreglement \/ Tr\u00e6ning og ophold i centret<\/strong><\/p><p>Zen Fitness Silkeborg er et tr\u00e6ningscenter, hvor der skal v\u00e6re plads til alle. Hj\u00e6lp os med at holde det p\u00e6nt og rent. Under tr\u00e6ning skal der altid anvendes t\u00f8j og sko der er beregnet til indend\u00f8rs tr\u00e6ning. Faciliteter skal ryddes op og reng\u00f8res efter brug efterh\u00e5nden som tr\u00e6ningen skrider frem.<\/p><p><strong>10. V\u00e6rdigenstande<\/strong><\/p><p>V\u00e6rdigenstande skal medbringes i selve tr\u00e6ningsomr\u00e5det, idet Zen Fitness Silkeborg ikke garanterer for tab pga. tyveri eller tingskade.<\/p><p><span style=\"font-family: 'Times New Roman',serif;\"><o:p><\/o:p><\/span><\/p><p><strong>11. Bero<\/strong><\/p><p>Det er muligt at s\u00e6tte et medlemskab i bero i mindst 1 m\u00e5ned og max 3 m\u00e5neder. Dette g\u00f8res ved at kontakte personalet og godkendes af Zen Fitness Silkeborg i form af en bekr\u00e6ftelse p\u00e5 mail. Dette skal oplyses minimum 1. m\u00e5ned f\u00f8r den \u00f8nskede beros\u00e6ttelse. Har man ikke en bekr\u00e6ftelse, er man ikke i bero. Medlemskabet starter automatisk op efter beroets udl\u00f8b. Ved tilf\u00e6lde af akut sygdom kan beros\u00e6ttelsen ikke foretages med tilbagevirkende kraft. \u00d8nsker du at s\u00e6tte dit medlemskab i bero koster dette 100 kr. i gebyr som vi tr\u00e6kker via din m\u00e5nedlige betaling.<\/p><p><strong>12. \u00c5bningstid<\/strong><\/p><p>Zen Fitness Silkeborg har \u00e5bent alle 365 dage om \u00e5ret fra kl. 5:30 til kl. 23:00. Dog kan man senest komme ind i centeret kl. 22:30. Man skal have forladt Zen Fitness Silkeborg senest kl. 23:00, overholdes dette ikke kan Zen Fitness Silkeborg efter en advarsel opsige et medlem.<\/p>\t\t\t\t\t\t\t\t<\/div>\n\t\t\t\t<\/div>\n\t\t\t\t\t<\/div>\n\t\t<\/div>\n\t\t\t\t\t<\/div>\n\t\t<\/section>\n\t\t\t\t<\/div>\n\t\t","protected":false},"excerpt":{"rendered":"<p>Medlemsbetingelser og husregler 1. Medlemskab\u00a0 PBS\/NETS tr\u00e6kning foretages hver m\u00e5ned. Ved opsigelse af dit medlemskab har du et varsel p\u00e5 l\u00f8bende m\u00e5ned plus \u00e9n m\u00e5ned. Aldersgr\u00e6nsen for at tr\u00e6ne i Zen Fitness Silkeborg er min. 16 \u00e5r. Unge mellem 16\u201317 \u00e5r skal ved indmeldelsen medbringe en for\u00e6ldre eller v\u00e6rge, og [&hellip;]<\/p>\n","protected":false},"author":1,"featured_media":0,"parent":0,"menu_order":0,"comment_status":"closed","ping_status":"closed","template":"page-templates\/template-pagebuilder-full-width.php","meta":{"_coblocks_attr":"","_coblocks_dimensions":"","_coblocks_responsive_height":"","_coblocks_accordion_ie_support":"","_monsterinsights_skip_tracking":false,"_monsterinsights_sitenote_active":false,"_monsterinsights_sitenote_note":"","_monsterinsights_sitenote_category":0,"footnotes":""},"class_list":["post-4350","page","type-page","status-publish","hentry"],"_links":{"self":[{"href":"https:\/\/www.zenfitness.dk\/index.php?rest_route=\/wp\/v2\/pages\/4350","targetHints":{"allow":["GET"]}}],"collection":[{"href":"https:\/\/www.zenfitness.dk\/index.php?rest_route=\/wp\/v2\/pages"}],"about":[{"href":"https:\/\/www.zenfitness.dk\/index.php?rest_route=\/wp\/v2\/types\/page"}],"author":[{"embeddable":true,"href":"https:\/\/www.zenfitness.dk\/index.php?rest_route=\/wp\/v2\/users\/1"}],"replies":[{"embeddable":true,"href":"https:\/\/www.zenfitness.dk\/index.php?rest_route=%2Fwp%2Fv2%2Fcomments&post=4350"}],"version-history":[{"count":15,"href":"https:\/\/www.zenfitness.dk\/index.php?rest_route=\/wp\/v2\/pages\/4350\/revisions"}],"predecessor-version":[{"id":4563,"href":"https:\/\/www.zenfitness.dk\/index.php?rest_route=\/wp\/v2\/pages\/4350\/revisions\/4563"}],"wp:attachment":[{"href":"https:\/\/www.zenfitness.dk\/index.php?rest_route=%2Fwp%2Fv2%2Fmedia&parent=4350"}],"curies":[{"name":"wp","href":"https:\/\/api.w.org\/{rel}","templated":true}]}}